{"id":2,"date":"2022-02-07T16:02:00","date_gmt":"2022-02-07T16:02:00","guid":{"rendered":"https:\/\/makeamedia.fi\/?page_id=2"},"modified":"2025-05-13T14:01:25","modified_gmt":"2025-05-13T11:01:25","slug":"mediapalvelujen-toteuttaja","status":"publish","type":"page","link":"https:\/\/makeamedia.fi\/","title":{"rendered":"Mediapalvelujen toteuttaja"},"content":{"rendered":"\n<p class=\"has-x-large-font-size\">Hei!<\/p>\n\n\n\n<p>Tervetuloa Koulutuskeskus JEDU Ylivieskan media-alan ja kuvallisen ilmaisun perustutkinnon omalle palvelimelle. Sivusto tulee esittelem\u00e4\u00e4n koulutusta ja toimii my\u00f6s opiskelijoiden harjoittelualustana.<\/p>\n\n\n\n<p>Ylivieskassa opiskelija hankkii opintojen alussa laajan perusosaamisen, jonka j\u00e4lkeen h\u00e4n voi painottaa opintojaan suuntautuen joko julkaisutuotantoon tai \u00e4\u00e4ni- ja tapahtumatekniikkaan.<\/p>\n\n\n\n<p>Kaikille yhteinen perusosaaminen<\/p>\n\n\n\n<ul class=\"wp-block-list\">\n<li>graafisen alan ty\u00f6kalut<\/li>\n\n\n\n<li>valokuvaus ja kuvank\u00e4sittely<\/li>\n\n\n\n<li>videoty\u00f6<\/li>\n\n\n\n<li>verkkosivujen tekeminen<\/li>\n<\/ul>\n\n\n\n<p>Julkaisutuotannon polku<\/p>\n\n\n\n<ul class=\"wp-block-list\">\n<li>Graafinen tuotanto<\/li>\n\n\n\n<li>Valokuvatuotanto<\/li>\n\n\n\n<li>Verkkosivustojen toteutus<\/li>\n<\/ul>\n\n\n\n<p>\u00c4\u00e4ni- ja tapahtumatekniikan polku<\/p>\n\n\n\n<ul class=\"wp-block-list\">\n<li>Tapahtumatekniikan toteutus\n<ul class=\"wp-block-list\">\n<li>Tapahtumarakentaminen<\/li>\n\n\n\n<li>\u00c4\u00e4nentoisto<\/li>\n\n\n\n<li>Valaisu<\/li>\n<\/ul>\n<\/li>\n\n\n\n<li>\u00c4\u00e4nity\u00f6 studioymp\u00e4rist\u00f6ss\u00e4<\/li>\n<\/ul>\n","protected":false},"excerpt":{"rendered":"<p>Hei! Tervetuloa Koulutuskeskus JEDU Ylivieskan media-alan ja kuvallisen ilmaisun perustutkinnon omalle palvelimelle. Sivusto tulee esittelem\u00e4\u00e4n koulutusta ja toimii my\u00f6s opiskelijoiden harjoittelualustana. Ylivieskassa opiskelija hankkii opintojen alussa laajan perusosaamisen, jonka j\u00e4lkeen h\u00e4n voi painottaa opintojaan suuntautuen joko julkaisutuotantoon tai \u00e4\u00e4ni- ja tapahtumatekniikkaan. Kaikille yhteinen perusosaaminen Julkaisutuotannon polku \u00c4\u00e4ni- ja tapahtumatekniikan polku<\/p>\n","protected":false},"author":1,"featured_media":25,"parent":0,"menu_order":0,"comment_status":"closed","ping_status":"closed","template":"","meta":{"footnotes":""},"class_list":["post-2","page","type-page","status-publish","has-post-thumbnail","hentry"],"_links":{"self":[{"href":"https:\/\/makeamedia.fi\/index.php\/wp-json\/wp\/v2\/pages\/2","targetHints":{"allow":["GET"]}}],"collection":[{"href":"https:\/\/makeamedia.fi\/index.php\/wp-json\/wp\/v2\/pages"}],"about":[{"href":"https:\/\/makeamedia.fi\/index.php\/wp-json\/wp\/v2\/types\/page"}],"author":[{"embeddable":true,"href":"https:\/\/makeamedia.fi\/index.php\/wp-json\/wp\/v2\/users\/1"}],"replies":[{"embeddable":true,"href":"https:\/\/makeamedia.fi\/index.php\/wp-json\/wp\/v2\/comments?post=2"}],"version-history":[{"count":15,"href":"https:\/\/makeamedia.fi\/index.php\/wp-json\/wp\/v2\/pages\/2\/revisions"}],"predecessor-version":[{"id":63,"href":"https:\/\/makeamedia.fi\/index.php\/wp-json\/wp\/v2\/pages\/2\/revisions\/63"}],"wp:featuredmedia":[{"embeddable":true,"href":"https:\/\/makeamedia.fi\/index.php\/wp-json\/wp\/v2\/media\/25"}],"wp:attachment":[{"href":"https:\/\/makeamedia.fi\/index.php\/wp-json\/wp\/v2\/media?parent=2"}],"curies":[{"name":"wp","href":"https:\/\/api.w.org\/{rel}","templated":true}]}}